{"id":1562,"date":"2025-12-15T13:36:17","date_gmt":"2025-12-15T12:36:17","guid":{"rendered":"https:\/\/lavender-zebra-546081.hostingersite.com\/?page_id=1562"},"modified":"2026-01-12T20:01:21","modified_gmt":"2026-01-12T19:01:21","slug":"inergiz","status":"publish","type":"page","link":"https:\/\/isquare.ma\/en\/inergiz\/","title":{"rendered":"iNERGIZ"},"content":{"rendered":"<div data-elementor-type=\"wp-page\" data-elementor-id=\"1562\" class=\"elementor elementor-1562\">\n\t\t\t\t\t\t<section class=\"elementor-section elementor-top-section elementor-element elementor-element-d9f7f8a ct-section-stretched elementor-section-height-full elementor-section-boxed elementor-section-height-default elementor-section-items-middle\" data-id=\"d9f7f8a\" data-element_type=\"section\" data-settings=\"{&quot;background_background&quot;:&quot;classic&quot;}\">\n\t\t\t\t\t\t\t<div class=\"elementor-background-overlay\"><\/div>\n\t\t\t\t\t\t\t<div class=\"elementor-container elementor-column-gap-no\">\n\t\t\t\t\t<div class=\"elementor-column elementor-col-50 elementor-top-column elementor-element elementor-element-c3988d1 elementor-invisible\" data-id=\"c3988d1\" data-element_type=\"column\" data-settings=\"{&quot;animation&quot;:&quot;fadeInLeft&quot;}\">\n\t\t\t<div class=\"elementor-widget-wrap elementor-element-populated\">\n\t\t\t\t\t\t<div class=\"elementor-element elementor-element-76c9d6d elementor-widget elementor-widget-text-editor\" data-id=\"76c9d6d\" data-element_type=\"widget\" data-widget_type=\"text-editor.default\">\n\t\t\t\t\t\t\t\t\t<p><strong>iNERGIZ<\/strong><\/p>\t\t\t\t\t\t\t\t<\/div>\n\t\t\t\t<div class=\"elementor-element elementor-element-583a35d elementor-widget elementor-widget-heading\" data-id=\"583a35d\" data-element_type=\"widget\" data-widget_type=\"heading.default\">\n\t\t\t\t\t<h2 class=\"elementor-heading-title elementor-size-default\">Projets \u00e9nerg\u00e9tiques &amp; performance industrielle<\/h2>\t\t\t\t<\/div>\n\t\t\t\t<div class=\"elementor-element elementor-element-af6f730 elementor-widget elementor-widget-text-editor\" data-id=\"af6f730\" data-element_type=\"widget\" data-widget_type=\"text-editor.default\">\n\t\t\t\t\t\t\t\t\t<p style=\"text-align: left;\" data-start=\"5098\" data-end=\"5293\"><strong data-start=\"5098\" data-end=\"5293\">iSQUARE \u00c9nergies accompagne les industriels et entreprises dans leur transition \u00e9nerg\u00e9tique, la r\u00e9duction de leur empreinte carbone et l\u2019am\u00e9lioration de la performance de leurs installations.<\/strong><\/p><p style=\"text-align: left;\" data-start=\"5295\" data-end=\"5465\">Cette offre prend en charge <span style=\"font-weight: 400;\">les m\u00e9tiers industriels \u00e0 fort impact \u00e9cologique notamment les projets de d\u00e9pollution industrielle et des projets de performances \u00e9nerg\u00e9tiques.<\/span><\/p>\t\t\t\t\t\t\t\t<\/div>\n\t\t\t\t\t<\/div>\n\t\t<\/div>\n\t\t\t\t<div class=\"elementor-column elementor-col-50 elementor-top-column elementor-element elementor-element-9b1d36d elementor-hidden-tablet elementor-hidden-phone\" data-id=\"9b1d36d\" data-element_type=\"column\">\n\t\t\t<div class=\"elementor-widget-wrap elementor-element-populated\">\n\t\t\t\t\t\t<div class=\"elementor-element elementor-element-445b04e elementor-widget__width-initial elementor-invisible elementor-widget elementor-widget-image\" data-id=\"445b04e\" data-element_type=\"widget\" data-settings=\"{&quot;_animation&quot;:&quot;slideInRight&quot;}\" data-widget_type=\"image.default\">\n\t\t\t\t\t\t\t\t\t\t\t\t\t\t\t<img fetchpriority=\"high\" decoding=\"async\" width=\"873\" height=\"1024\" src=\"https:\/\/isquare.ma\/wp-content\/uploads\/2025\/12\/6-873x1024.png\" class=\"attachment-large size-large wp-image-1344\" alt=\"\" srcset=\"https:\/\/isquare.ma\/wp-content\/uploads\/2025\/12\/6-873x1024.png 873w, https:\/\/isquare.ma\/wp-content\/uploads\/2025\/12\/6-256x300.png 256w, https:\/\/isquare.ma\/wp-content\/uploads\/2025\/12\/6-768x900.png 768w, https:\/\/isquare.ma\/wp-content\/uploads\/2025\/12\/6-1310x1536.png 1310w, https:\/\/isquare.ma\/wp-content\/uploads\/2025\/12\/6-1747x2048.png 1747w\" sizes=\"(max-width: 873px) 100vw, 873px\" \/>\t\t\t\t\t\t\t\t\t\t\t\t\t\t\t<\/div>\n\t\t\t\t\t<\/div>\n\t\t<\/div>\n\t\t\t\t\t<\/div>\n\t\t<\/section>\n\t\t\t\t<section class=\"elementor-section elementor-top-section elementor-element elementor-element-740778b9 elementor-section-boxed elementor-section-height-default elementor-section-height-default\" data-id=\"740778b9\" data-element_type=\"section\">\n\t\t\t\t\t\t<div class=\"elementor-container elementor-column-gap-no\">\n\t\t\t\t\t<div class=\"elementor-column elementor-col-100 elementor-top-column elementor-element elementor-element-34bc9c5b\" data-id=\"34bc9c5b\" data-element_type=\"column\">\n\t\t\t<div class=\"elementor-widget-wrap elementor-element-populated\">\n\t\t\t\t\t\t<div class=\"elementor-element elementor-element-1f86abc9 elementor-widget elementor-widget-spacer\" data-id=\"1f86abc9\" data-element_type=\"widget\" data-widget_type=\"spacer.default\">\n\t\t\t\t\t\t\t<div class=\"elementor-spacer\">\n\t\t\t<div class=\"elementor-spacer-inner\"><\/div>\n\t\t<\/div>\n\t\t\t\t\t\t<\/div>\n\t\t\t\t<div class=\"elementor-element elementor-element-0d47719 elementor-invisible elementor-widget elementor-widget-heading\" data-id=\"0d47719\" data-element_type=\"widget\" data-settings=\"{&quot;_animation&quot;:&quot;fadeInUp&quot;}\" data-widget_type=\"heading.default\">\n\t\t\t\t\t<h2 class=\"elementor-heading-title elementor-size-default\">Nos solutions couvrent<\/h2>\t\t\t\t<\/div>\n\t\t\t\t\t<\/div>\n\t\t<\/div>\n\t\t\t\t\t<\/div>\n\t\t<\/section>\n\t\t<div class=\"elementor-element elementor-element-6f3bd57e e-flex e-con-boxed e-con e-parent\" data-id=\"6f3bd57e\" data-element_type=\"container\" data-settings=\"{&quot;background_background&quot;:&quot;classic&quot;}\">\n\t\t\t\t\t<div class=\"e-con-inner\">\n\t\t<div class=\"elementor-element elementor-element-52aa3297 e-con-full e-flex e-con e-child\" data-id=\"52aa3297\" data-element_type=\"container\">\n\t\t<div class=\"elementor-element elementor-element-30369883 e-con-full e-flex e-con e-child\" data-id=\"30369883\" data-element_type=\"container\">\n\t\t<div class=\"elementor-element elementor-element-5e43b9a e-con-full e-flex e-con e-child\" data-id=\"5e43b9a\" data-element_type=\"container\">\n\t\t\t\t<div class=\"elementor-element elementor-element-d006b69 premium-banner-responsive-yes elementor-widget elementor-widget-premium-addon-banner\" data-id=\"d006b69\" data-element_type=\"widget\" data-widget_type=\"premium-addon-banner.default\">\n\t\t\t\t\t\t\t<div class=\"premium-banner-ib premium-banner-min-height premium-banner-animation1 none premium-banner__effect-type2\">\r\n\t\t\t\t\t\t\t\t\t\t<img decoding=\"async\" width=\"2500\" height=\"1500\" src=\"https:\/\/isquare.ma\/wp-content\/uploads\/2025\/12\/19.png\" class=\"attachment-full size-full wp-image-1578\" alt=\"\" srcset=\"https:\/\/isquare.ma\/wp-content\/uploads\/2025\/12\/19.png 2500w, https:\/\/isquare.ma\/wp-content\/uploads\/2025\/12\/19-300x180.png 300w, https:\/\/isquare.ma\/wp-content\/uploads\/2025\/12\/19-1024x614.png 1024w, https:\/\/isquare.ma\/wp-content\/uploads\/2025\/12\/19-768x461.png 768w, https:\/\/isquare.ma\/wp-content\/uploads\/2025\/12\/19-1536x922.png 1536w, https:\/\/isquare.ma\/wp-content\/uploads\/2025\/12\/19-2048x1229.png 2048w\" sizes=\"(max-width: 2500px) 100vw, 2500px\" \/>\t\t\t\t\t\t\t\t\t<div class=\"premium-banner-ib-desc\">\r\n\t\t\t\t\r\n\t\t\t\t\r\n\t\t\t\t\r\n\t\t\t\t\r\n\t\t\t\t\t\t\t<\/div>\r\n\t\t\t\t\t<\/div>\r\n\r\n\t\t\t\t\t\t<\/div>\n\t\t\t\t<div class=\"elementor-element elementor-element-d50b1d4 elementor-widget elementor-widget-image-box\" data-id=\"d50b1d4\" data-element_type=\"widget\" data-widget_type=\"image-box.default\">\n\t\t\t\t\t<div class=\"elementor-image-box-wrapper\"><div class=\"elementor-image-box-content\"><h3 class=\"elementor-image-box-title\">Projets de d\u00e9carbonation<\/h3><p class=\"elementor-image-box-description\">Substitution \u00e9nerg\u00e9tique, optimisation et technologies propres<\/p><\/div><\/div>\t\t\t\t<\/div>\n\t\t\t\t<\/div>\n\t\t<div class=\"elementor-element elementor-element-9428c3f e-con-full e-flex e-con e-child\" data-id=\"9428c3f\" data-element_type=\"container\">\n\t\t\t\t<div class=\"elementor-element elementor-element-f354384 premium-banner-responsive-yes elementor-widget elementor-widget-premium-addon-banner\" data-id=\"f354384\" data-element_type=\"widget\" data-widget_type=\"premium-addon-banner.default\">\n\t\t\t\t\t\t\t<div class=\"premium-banner-ib premium-banner-min-height premium-banner-animation1 none premium-banner__effect-type2\">\r\n\t\t\t\t\t\t\t\t\t\t<img decoding=\"async\" width=\"2500\" height=\"1500\" src=\"https:\/\/isquare.ma\/wp-content\/uploads\/2025\/12\/20.png\" class=\"attachment-full size-full wp-image-1579\" alt=\"\" srcset=\"https:\/\/isquare.ma\/wp-content\/uploads\/2025\/12\/20.png 2500w, https:\/\/isquare.ma\/wp-content\/uploads\/2025\/12\/20-300x180.png 300w, https:\/\/isquare.ma\/wp-content\/uploads\/2025\/12\/20-1024x614.png 1024w, https:\/\/isquare.ma\/wp-content\/uploads\/2025\/12\/20-768x461.png 768w, https:\/\/isquare.ma\/wp-content\/uploads\/2025\/12\/20-1536x922.png 1536w, https:\/\/isquare.ma\/wp-content\/uploads\/2025\/12\/20-2048x1229.png 2048w\" sizes=\"(max-width: 2500px) 100vw, 2500px\" \/>\t\t\t\t\t\t\t\t\t<div class=\"premium-banner-ib-desc\">\r\n\t\t\t\t\r\n\t\t\t\t\r\n\t\t\t\t\r\n\t\t\t\t\r\n\t\t\t\t\t\t\t<\/div>\r\n\t\t\t\t\t<\/div>\r\n\r\n\t\t\t\t\t\t<\/div>\n\t\t\t\t<div class=\"elementor-element elementor-element-2c8bbd2 elementor-widget elementor-widget-image-box\" data-id=\"2c8bbd2\" data-element_type=\"widget\" data-widget_type=\"image-box.default\">\n\t\t\t\t\t<div class=\"elementor-image-box-wrapper\"><div class=\"elementor-image-box-content\"><h3 class=\"elementor-image-box-title\">D\u00e9pollution industrielle<\/h3><p class=\"elementor-image-box-description\">Traitement, r\u00e9duction et ma\u00eetrise des rejets<\/p><\/div><\/div>\t\t\t\t<\/div>\n\t\t\t\t<\/div>\n\t\t<div class=\"elementor-element elementor-element-fca719e e-con-full e-flex e-con e-child\" data-id=\"fca719e\" data-element_type=\"container\">\n\t\t\t\t<div class=\"elementor-element elementor-element-e4b02ff premium-banner-responsive-yes elementor-widget elementor-widget-premium-addon-banner\" data-id=\"e4b02ff\" data-element_type=\"widget\" data-widget_type=\"premium-addon-banner.default\">\n\t\t\t\t\t\t\t<div class=\"premium-banner-ib premium-banner-min-height premium-banner-animation1 none premium-banner__effect-type2\">\r\n\t\t\t\t\t\t\t\t\t\t<img loading=\"lazy\" decoding=\"async\" width=\"2500\" height=\"1500\" src=\"https:\/\/isquare.ma\/wp-content\/uploads\/2025\/12\/21.png\" class=\"attachment-full size-full wp-image-1580\" alt=\"\" srcset=\"https:\/\/isquare.ma\/wp-content\/uploads\/2025\/12\/21.png 2500w, https:\/\/isquare.ma\/wp-content\/uploads\/2025\/12\/21-300x180.png 300w, https:\/\/isquare.ma\/wp-content\/uploads\/2025\/12\/21-1024x614.png 1024w, https:\/\/isquare.ma\/wp-content\/uploads\/2025\/12\/21-768x461.png 768w, https:\/\/isquare.ma\/wp-content\/uploads\/2025\/12\/21-1536x922.png 1536w, https:\/\/isquare.ma\/wp-content\/uploads\/2025\/12\/21-2048x1229.png 2048w\" sizes=\"(max-width: 2500px) 100vw, 2500px\" \/>\t\t\t\t\t\t\t\t\t<div class=\"premium-banner-ib-desc\">\r\n\t\t\t\t\r\n\t\t\t\t\r\n\t\t\t\t\r\n\t\t\t\t\r\n\t\t\t\t\t\t\t<\/div>\r\n\t\t\t\t\t<\/div>\r\n\r\n\t\t\t\t\t\t<\/div>\n\t\t\t\t<div class=\"elementor-element elementor-element-8becb32 elementor-widget elementor-widget-image-box\" data-id=\"8becb32\" data-element_type=\"widget\" data-widget_type=\"image-box.default\">\n\t\t\t\t\t<div class=\"elementor-image-box-wrapper\"><div class=\"elementor-image-box-content\"><h3 class=\"elementor-image-box-title\">Projets en \u00e9nergies renouvelables<\/h3><p class=\"elementor-image-box-description\">Solaire, \u00e9olien, hydrog\u00e8ne<\/p><\/div><\/div>\t\t\t\t<\/div>\n\t\t\t\t<\/div>\n\t\t\t\t<\/div>\n\t\t\t\t<\/div>\n\t\t\t\t\t<\/div>\n\t\t\t\t<\/div>\n\t\t\t\t<section class=\"elementor-section elementor-top-section elementor-element elementor-element-4b1265c elementor-section-boxed elementor-section-height-default elementor-section-height-default\" data-id=\"4b1265c\" data-element_type=\"section\">\n\t\t\t\t\t\t<div class=\"elementor-container elementor-column-gap-no\">\n\t\t\t\t\t<div class=\"elementor-column elementor-col-100 elementor-top-column elementor-element elementor-element-f55052e\" data-id=\"f55052e\" data-element_type=\"column\">\n\t\t\t<div class=\"elementor-widget-wrap elementor-element-populated\">\n\t\t\t\t\t\t<div class=\"elementor-element elementor-element-8d0f96e elementor-widget elementor-widget-spacer\" data-id=\"8d0f96e\" data-element_type=\"widget\" data-widget_type=\"spacer.default\">\n\t\t\t\t\t\t\t<div class=\"elementor-spacer\">\n\t\t\t<div class=\"elementor-spacer-inner\"><\/div>\n\t\t<\/div>\n\t\t\t\t\t\t<\/div>\n\t\t\t\t\t<\/div>\n\t\t<\/div>\n\t\t\t\t\t<\/div>\n\t\t<\/section>\n\t\t\t\t<section class=\"elementor-section elementor-top-section elementor-element elementor-element-5574a2e elementor-section-boxed elementor-section-height-default elementor-section-height-default\" data-id=\"5574a2e\" data-element_type=\"section\">\n\t\t\t\t\t\t<div class=\"elementor-container elementor-column-gap-no\">\n\t\t\t\t\t<div class=\"elementor-column elementor-col-100 elementor-top-column elementor-element elementor-element-21561fd3\" data-id=\"21561fd3\" data-element_type=\"column\">\n\t\t\t<div class=\"elementor-widget-wrap elementor-element-populated\">\n\t\t\t\t\t\t<div class=\"elementor-element elementor-element-f7df56b elementor-widget elementor-widget-spacer\" data-id=\"f7df56b\" data-element_type=\"widget\" data-widget_type=\"spacer.default\">\n\t\t\t\t\t\t\t<div class=\"elementor-spacer\">\n\t\t\t<div class=\"elementor-spacer-inner\"><\/div>\n\t\t<\/div>\n\t\t\t\t\t\t<\/div>\n\t\t\t\t\t<\/div>\n\t\t<\/div>\n\t\t\t\t\t<\/div>\n\t\t<\/section>\n\t\t\t\t<section class=\"elementor-section elementor-top-section elementor-element elementor-element-baf5953 elementor-section-boxed elementor-section-height-default elementor-section-height-default elementor-invisible\" data-id=\"baf5953\" data-element_type=\"section\" data-settings=\"{&quot;background_background&quot;:&quot;classic&quot;,&quot;animation&quot;:&quot;fadeInUp&quot;}\">\n\t\t\t\t\t\t\t<div class=\"elementor-background-overlay\"><\/div>\n\t\t\t\t\t\t\t<div class=\"elementor-container elementor-column-gap-default\">\n\t\t\t\t\t<div class=\"elementor-column elementor-col-100 elementor-top-column elementor-element elementor-element-9ee7077 elementor-invisible\" data-id=\"9ee7077\" data-element_type=\"column\" data-settings=\"{&quot;animation&quot;:&quot;fadeInDown&quot;}\">\n\t\t\t<div class=\"elementor-widget-wrap elementor-element-populated\">\n\t\t\t\t\t\t<div class=\"elementor-element elementor-element-de4fc3f elementor-widget elementor-widget-heading\" data-id=\"de4fc3f\" data-element_type=\"widget\" data-widget_type=\"heading.default\">\n\t\t\t\t\t<h2 class=\"elementor-heading-title elementor-size-default\">Objectif<\/h2>\t\t\t\t<\/div>\n\t\t\t\t<div class=\"elementor-element elementor-element-d068412 elementor-widget elementor-widget-text-editor\" data-id=\"d068412\" data-element_type=\"widget\" data-widget_type=\"text-editor.default\">\n\t\t\t\t\t\t\t\t\t<p style=\"text-align: left;\" data-start=\"4840\" data-end=\"4934\">R\u00e9duire les co\u00fbts, am\u00e9liorer l\u2019efficacit\u00e9 op\u00e9rationnelle et accompagner les entreprises vers un mod\u00e8le durable et conforme aux exigences environnementales actuelles.<\/p>\t\t\t\t\t\t\t\t<\/div>\n\t\t\t\t<div class=\"elementor-element elementor-element-9370d73 elementor-align-center elementor-tablet-align-center elementor-widget elementor-widget-button\" data-id=\"9370d73\" data-element_type=\"widget\" data-widget_type=\"button.default\">\n\t\t\t\t\t\t\t\t\t\t<a class=\"elementor-button elementor-button-link elementor-size-lg\" href=\"https:\/\/lavender-zebra-546081.hostingersite.com\/contactez-nous\/\">\n\t\t\t\t\t\t<span class=\"elementor-button-content-wrapper\">\n\t\t\t\t\t\t\t\t\t<span class=\"elementor-button-text\">Discuter de votre projet<\/span>\n\t\t\t\t\t<\/span>\n\t\t\t\t\t<\/a>\n\t\t\t\t\t\t\t\t<\/div>\n\t\t\t\t\t<\/div>\n\t\t<\/div>\n\t\t\t\t\t<\/div>\n\t\t<\/section>\n\t\t\t\t<section class=\"elementor-section elementor-top-section elementor-element elementor-element-27eed9c0 ct-section-stretched elementor-section-boxed elementor-section-height-default elementor-section-height-default\" data-id=\"27eed9c0\" data-element_type=\"section\" data-settings=\"{&quot;background_background&quot;:&quot;classic&quot;}\">\n\t\t\t\t\t\t<div class=\"elementor-container elementor-column-gap-no\">\n\t\t\t\t\t<div class=\"elementor-column elementor-col-100 elementor-top-column elementor-element elementor-element-182d1a3a\" data-id=\"182d1a3a\" data-element_type=\"column\">\n\t\t\t<div class=\"elementor-widget-wrap elementor-element-populated\">\n\t\t\t\t\t\t<div class=\"elementor-element elementor-element-39307e74 elementor-widget elementor-widget-spacer\" data-id=\"39307e74\" data-element_type=\"widget\" data-widget_type=\"spacer.default\">\n\t\t\t\t\t\t\t<div class=\"elementor-spacer\">\n\t\t\t<div class=\"elementor-spacer-inner\"><\/div>\n\t\t<\/div>\n\t\t\t\t\t\t<\/div>\n\t\t\t\t\t<\/div>\n\t\t<\/div>\n\t\t\t\t\t<\/div>\n\t\t<\/section>\n\t\t\t\t<\/div>","protected":false},"excerpt":{"rendered":"<p>iNERGIZ Projets \u00e9nerg\u00e9tiques &amp; performance industrielle iSQUARE \u00c9nergies accompagne les industriels et entreprises dans leur transition \u00e9nerg\u00e9tique, la r\u00e9duction de leur empreinte carbone et l\u2019am\u00e9lioration de la performance de leurs installations. Cette offre prend en charge les m\u00e9tiers industriels \u00e0 fort impact \u00e9cologique notamment les projets de d\u00e9pollution industrielle et des projets de performances \u00e9nerg\u00e9tiques. [&hellip;]<\/p>","protected":false},"author":1,"featured_media":0,"parent":0,"menu_order":0,"comment_status":"closed","ping_status":"closed","template":"","meta":{"footnotes":""},"class_list":["post-1562","page","type-page","status-publish","hentry"],"blocksy_meta":{"page_title_panel":"","has_hero_section":"disabled","0df2dca53447789c9966a9ee2482ae8e":"","hero_section":"type-1","hero_elements":[{"id":"custom_title","enabled":true,"heading_tag":"h1","title":"Home"},{"id":"custom_description","enabled":true,"description_visibility":{"desktop":true,"tablet":true,"mobile":false}},{"id":"custom_meta","enabled":false,"meta_elements":[{"id":"author","enabled":true,"label":"By","has_author_avatar":"yes","avatar_size":25},{"id":"post_date","enabled":true,"label":"On","date_format_source":"default","date_format":"M j, Y"},{"id":"comments","enabled":true}],"page_meta_elements":{"joined":true,"articles_count":true,"comments":true}},{"id":"breadcrumbs","enabled":false}],"9a068402903147dab0312ed721d813d1":"","hero_alignment1":"left","hero_alignment2":"center","hero_vertical_alignment":"center","878df3921d36f5f7834a2f50f2d62119":"","hero_structure":"narrow","c672b96ecc952ad64c8c2d7fdf1a61dc":"","page_title_bg_type":"featured_image","custom_hero_background":{"attachment_id":null},"parallax":{"desktop":false,"tablet":false,"mobile":false},"cc7bcd5456d7cac909e888486d83b616":"","hero_height":"250px","pageTitleFont":{"family":"Default","variation":"Default","size":{"desktop":"32px","tablet":"30px","mobile":"25px"},"line-height":"CT_CSS_SKIP_RULE","letter-spacing":"CT_CSS_SKIP_RULE","text-transform":"CT_CSS_SKIP_RULE","text-decoration":"CT_CSS_SKIP_RULE"},"pageTitleFontColor":{"default":{"color":"CT_CSS_SKIP_RULEDEFAULT"}},"pageMetaFont":{"family":"Default","variation":"n6","size":"12px","line-height":"1.3","letter-spacing":"CT_CSS_SKIP_RULE","text-transform":"uppercase","text-decoration":"CT_CSS_SKIP_RULE"},"pageMetaFontColor":{"default":{"color":"CT_CSS_SKIP_RULEDEFAULT"},"hover":{"color":"CT_CSS_SKIP_RULEDEFAULT"}},"pageExcerptFont":{"family":"Default","variation":"Default","size":"CT_CSS_SKIP_RULE","line-height":"CT_CSS_SKIP_RULE","letter-spacing":"CT_CSS_SKIP_RULE","text-transform":"CT_CSS_SKIP_RULE","text-decoration":"CT_CSS_SKIP_RULE"},"pageExcerptColor":{"default":{"color":"CT_CSS_SKIP_RULEDEFAULT"}},"breadcrumbsFont":{"family":"Default","variation":"n6","size":"12px","line-height":"CT_CSS_SKIP_RULE","letter-spacing":"CT_CSS_SKIP_RULE","text-transform":"uppercase","text-decoration":"CT_CSS_SKIP_RULE"},"breadcrumbsFontColor":{"default":{"color":"CT_CSS_SKIP_RULEDEFAULT"},"initial":{"color":"CT_CSS_SKIP_RULEDEFAULT"},"hover":{"color":"CT_CSS_SKIP_RULEDEFAULT"}},"pageTitleOverlay":{"default":{"color":"rgba(41, 51, 60, 0.2)"}},"pageTitleBackground":{"background_type":"color","background_pattern":"type-1","background_image":{"attachment_id":null,"x":0,"y":0},"background_repeat":"no-repeat","background_size":"auto","background_attachment":"scroll","patternColor":{"default":{"color":"#e5e7ea"}},"backgroundColor":{"default":{"color":"#EDEFF2"}}},"5384544efa2613b7222fa667fe0c3bd5":"","page_structure_type":"default","content_style":"inherit","vertical_spacing_source":"custom","content_area_spacing":"none","background":{"background_type":"color","background_pattern":"type-1","background_image":{"attachment_id":null,"x":0,"y":0},"background_repeat":"no-repeat","background_size":"auto","background_attachment":"scroll","patternColor":{"default":{"color":"#e5e7ea"}},"backgroundColor":{"default":{"color":"CT_CSS_SKIP_RULE"}}},"content_background":{"background_type":"color","background_pattern":"type-1","background_image":{"attachment_id":null,"x":0,"y":0},"background_repeat":"no-repeat","background_size":"auto","background_attachment":"scroll","patternColor":{"default":{"color":"#e5e7ea"}},"backgroundColor":{"default":{"color":"#ffffff"}}},"content_boxed_spacing":{"desktop":"40px","tablet":"35px","mobile":"20px"},"content_boxed_radius":{"top":"3px","bottom":"3px","left":"3px","right":"3px","linked":true},"content_boxed_shadow":{"blur":18,"spread":-6,"v_offset":12,"h_offset":0,"inset":false,"enable":true,"color":{"color":"rgba(34, 56, 101, 0.04)"}},"7b360c47770bb2bc7820037d1b7ccdae":"","disable_featured_image":"no","disable_header":"no","disable_footer":"no","styles_descriptor":{"styles":{"desktop":"","tablet":"","mobile":""},"google_fonts":[]}},"_hostinger_reach_plugin_has_subscription_block":false,"_hostinger_reach_plugin_is_elementor":false,"_links":{"self":[{"href":"https:\/\/isquare.ma\/en\/wp-json\/wp\/v2\/pages\/1562","targetHints":{"allow":["GET"]}}],"collection":[{"href":"https:\/\/isquare.ma\/en\/wp-json\/wp\/v2\/pages"}],"about":[{"href":"https:\/\/isquare.ma\/en\/wp-json\/wp\/v2\/types\/page"}],"author":[{"embeddable":true,"href":"https:\/\/isquare.ma\/en\/wp-json\/wp\/v2\/users\/1"}],"replies":[{"embeddable":true,"href":"https:\/\/isquare.ma\/en\/wp-json\/wp\/v2\/comments?post=1562"}],"version-history":[{"count":56,"href":"https:\/\/isquare.ma\/en\/wp-json\/wp\/v2\/pages\/1562\/revisions"}],"predecessor-version":[{"id":2253,"href":"https:\/\/isquare.ma\/en\/wp-json\/wp\/v2\/pages\/1562\/revisions\/2253"}],"wp:attachment":[{"href":"https:\/\/isquare.ma\/en\/wp-json\/wp\/v2\/media?parent=1562"}],"curies":[{"name":"wp","href":"https:\/\/api.w.org\/{rel}","templated":true}]}}